{"id":3238,"date":"2025-02-27T19:52:31","date_gmt":"2025-02-27T17:52:31","guid":{"rendered":"https:\/\/aemartinezlj.com\/spanish\/?page_id=3238"},"modified":"2025-04-04T15:43:40","modified_gmt":"2025-04-04T13:43:40","slug":"el-sendero-del-coaching","status":"publish","type":"page","link":"https:\/\/aemartinezlj.com\/spanish\/el-sendero-del-coaching\/","title":{"rendered":"EL SENDERO DEL COACHING"},"content":{"rendered":"\t\t<div data-elementor-type=\"wp-page\" data-elementor-id=\"3238\" class=\"elementor elementor-3238\">\n\t\t\t\t\t\t<section class=\"elementor-section elementor-top-section elementor-element elementor-element-dad54b2 elementor-section-boxed elementor-section-height-default elementor-section-height-default\" data-id=\"dad54b2\" data-element_type=\"section\">\n\t\t\t\t\t\t<div class=\"elementor-container elementor-column-gap-default\">\n\t\t\t\t\t<div class=\"elementor-column elementor-col-100 elementor-top-column elementor-element elementor-element-2d7280f\" data-id=\"2d7280f\" data-element_type=\"column\">\n\t\t\t<div class=\"elementor-widget-wrap elementor-element-populated\">\n\t\t\t\t\t\t<div class=\"elementor-element elementor-element-43ecf48 elementor-widget elementor-widget-heading\" data-id=\"43ecf48\" data-element_type=\"widget\" data-widget_type=\"heading.default\">\n\t\t\t\t<div class=\"elementor-widget-container\">\n\t\t\t<style>\/*! elementor - v3.21.0 - 30-04-2024 *\/\n.elementor-heading-title{padding:0;margin:0;line-height:1}.elementor-widget-heading .elementor-heading-title[class*=elementor-size-]>a{color:inherit;font-size:inherit;line-height:inherit}.elementor-widget-heading .elementor-heading-title.elementor-size-small{font-size:15px}.elementor-widget-heading .elementor-heading-title.elementor-size-medium{font-size:19px}.elementor-widget-heading .elementor-heading-title.elementor-size-large{font-size:29px}.elementor-widget-heading .elementor-heading-title.elementor-size-xl{font-size:39px}.elementor-widget-heading .elementor-heading-title.elementor-size-xxl{font-size:59px}<\/style><h2 class=\"elementor-heading-title elementor-size-default\">NUEVO LIBRO  - EL SENDERO\nDEL COACHING<\/h2>\t\t<\/div>\n\t\t\t\t<\/div>\n\t\t\t\t\t<\/div>\n\t\t<\/div>\n\t\t\t\t\t<\/div>\n\t\t<\/section>\n\t\t\t\t<section class=\"elementor-section elementor-top-section elementor-element elementor-element-38d8c336 elementor-section-height-min-height elementor-section-boxed elementor-section-height-default elementor-section-items-middle\" data-id=\"38d8c336\" data-element_type=\"section\" data-settings=\"{&quot;background_background&quot;:&quot;classic&quot;}\">\n\t\t\t\t\t\t\t<div class=\"elementor-background-overlay\"><\/div>\n\t\t\t\t\t\t\t<div class=\"elementor-container elementor-column-gap-default\">\n\t\t\t\t\t<div class=\"elementor-column elementor-col-66 elementor-top-column elementor-element elementor-element-410022d3\" data-id=\"410022d3\" data-element_type=\"column\">\n\t\t\t<div class=\"elementor-widget-wrap elementor-element-populated\">\n\t\t\t\t\t\t<div class=\"elementor-element elementor-element-3680dbf4 animated-slow elementor-invisible elementor-widget elementor-widget-heading\" data-id=\"3680dbf4\" data-element_type=\"widget\" data-settings=\"{&quot;_animation&quot;:&quot;fadeIn&quot;}\" data-widget_type=\"heading.default\">\n\t\t\t\t<div class=\"elementor-widget-container\">\n\t\t\t<h2 class=\"elementor-heading-title elementor-size-default\">El Sendero del Coaching<\/h2>\t\t<\/div>\n\t\t\t\t<\/div>\n\t\t\t\t<div class=\"elementor-element elementor-element-66a2a513 elementor-widget elementor-widget-text-editor\" data-id=\"66a2a513\" data-element_type=\"widget\" data-widget_type=\"text-editor.default\">\n\t\t\t\t<div class=\"elementor-widget-container\">\n\t\t\t<style>\/*! elementor - v3.21.0 - 30-04-2024 *\/\n.elementor-widget-text-editor.elementor-drop-cap-view-stacked .elementor-drop-cap{background-color:#69727d;color:#fff}.elementor-widget-text-editor.elementor-drop-cap-view-framed .elementor-drop-cap{color:#69727d;border:3px solid;background-color:transparent}.elementor-widget-text-editor:not(.elementor-drop-cap-view-default) .elementor-drop-cap{margin-top:8px}.elementor-widget-text-editor:not(.elementor-drop-cap-view-default) .elementor-drop-cap-letter{width:1em;height:1em}.elementor-widget-text-editor .elementor-drop-cap{float:left;text-align:center;line-height:1;font-size:50px}.elementor-widget-text-editor .elementor-drop-cap-letter{display:inline-block}<\/style>\t\t\t\t<p><b>\u00bfSientes que tus desaf\u00edos profesionales te superan? \u00bfY si la clave para transformar tu carrera estuviera a tan solo una conversaci\u00f3n de distancia?<\/b><\/p><p><b>\u201c<\/b><b><i>El sendero del coaching<\/i><\/b><b>\u201d<\/b><span style=\"font-weight: 400;\"> te invita a explorar siete cautivadoras historias que reflejan ejemplos de dilemas reales y complejos que suelen enfrentar profesionales en momentos decisivos de su vida. Cada personaje est\u00e1 en una encrucijada: decisiones importantes, conflictos internos y oportunidades que parecen inalcanzables. Sin embargo, con el apoyo del coaching ejecutivo, encuentran la claridad, las herramientas y la inspiraci\u00f3n necesarias para superar sus barreras y avanzar con confianza.<\/span><\/p><p><span style=\"font-weight: 400;\">Este no es solo un libro de cuentos. Es una ventana al poder transformador del coaching, una gu\u00eda que te muestra c\u00f3mo convertir la incertidumbre en decisiones firmes, los desaf\u00edos en oportunidades y el miedo en acci\u00f3n estrat\u00e9gica.<\/span><\/p><p><b><i>El sendero del coaching<\/i><\/b><span style=\"font-weight: 400;\"> no solo entretiene, sino que ilumina el camino hacia el crecimiento profesional y personal. Descubre c\u00f3mo una conversaci\u00f3n reveladora puede desbloquear tu potencial y llevarte m\u00e1s lejos de lo que jam\u00e1s imaginaste.<\/span><\/p><p><b>Atr\u00e9vete a recorrer este sendero y a descubrir el impacto que una nueva perspectiva puede tener en tu vida.\u00a0<\/b><\/p>\t\t\t\t\t\t<\/div>\n\t\t\t\t<\/div>\n\t\t\t\t\t<\/div>\n\t\t<\/div>\n\t\t\t\t<div class=\"elementor-column elementor-col-33 elementor-top-column elementor-element elementor-element-dc83498\" data-id=\"dc83498\" data-element_type=\"column\" data-settings=\"{&quot;background_background&quot;:&quot;classic&quot;}\">\n\t\t\t<div class=\"elementor-widget-wrap elementor-element-populated\">\n\t\t\t\t\t\t<div class=\"elementor-element elementor-element-ecc3a3c elementor-widget elementor-widget-image\" data-id=\"ecc3a3c\" data-element_type=\"widget\" data-widget_type=\"image.default\">\n\t\t\t\t<div class=\"elementor-widget-container\">\n\t\t\t<style>\/*! elementor - v3.21.0 - 30-04-2024 *\/\n.elementor-widget-image{text-align:center}.elementor-widget-image a{display:inline-block}.elementor-widget-image a img[src$=\".svg\"]{width:48px}.elementor-widget-image img{vertical-align:middle;display:inline-block}<\/style>\t\t\t\t\t\t\t\t\t\t<img fetchpriority=\"high\" decoding=\"async\" width=\"640\" height=\"1024\" src=\"https:\/\/aemartinezlj.com\/spanish\/wp-content\/uploads\/2025\/02\/Kdl-Cover-The-Coaching-Trail-640x1024.jpg\" class=\"attachment-large size-large wp-image-3243\" alt=\"EL SENDERO DEL COACHING\" srcset=\"https:\/\/aemartinezlj.com\/spanish\/wp-content\/uploads\/2025\/02\/Kdl-Cover-The-Coaching-Trail-640x1024.jpg 640w, https:\/\/aemartinezlj.com\/spanish\/wp-content\/uploads\/2025\/02\/Kdl-Cover-The-Coaching-Trail-188x300.jpg 188w, https:\/\/aemartinezlj.com\/spanish\/wp-content\/uploads\/2025\/02\/Kdl-Cover-The-Coaching-Trail-768x1229.jpg 768w, https:\/\/aemartinezlj.com\/spanish\/wp-content\/uploads\/2025\/02\/Kdl-Cover-The-Coaching-Trail.jpg 790w\" sizes=\"(max-width: 640px) 100vw, 640px\" \/>\t\t\t\t\t\t\t\t\t\t\t\t\t<\/div>\n\t\t\t\t<\/div>\n\t\t\t\t<div class=\"elementor-element elementor-element-bf4886d elementor-align-center elementor-widget elementor-widget-button\" data-id=\"bf4886d\" data-element_type=\"widget\" data-widget_type=\"button.default\">\n\t\t\t\t<div class=\"elementor-widget-container\">\n\t\t\t\t\t<div class=\"elementor-button-wrapper\">\n\t\t\t<a class=\"elementor-button elementor-button-link elementor-size-sm\" href=\"https:\/\/aemartinezlj.com\/spanish\/capitulo-el-sendero-del-coaching\/\">\n\t\t\t\t\t\t<span class=\"elementor-button-content-wrapper\">\n\t\t\t\t\t\t\t\t\t<span class=\"elementor-button-text\">Leer un cuento<\/span>\n\t\t\t\t\t<\/span>\n\t\t\t\t\t<\/a>\n\t\t<\/div>\n\t\t\t\t<\/div>\n\t\t\t\t<\/div>\n\t\t\t\t\t<\/div>\n\t\t<\/div>\n\t\t\t\t\t<\/div>\n\t\t<\/section>\n\t\t<div class=\"elementor-element elementor-element-96381b5 e-flex e-con-boxed e-con e-parent\" data-id=\"96381b5\" data-element_type=\"container\" data-settings=\"{&quot;background_background&quot;:&quot;classic&quot;}\">\n\t\t\t\t\t<div class=\"e-con-inner\">\n\t\t\t\t<div class=\"elementor-element elementor-element-834d83b elementor-widget elementor-widget-heading\" data-id=\"834d83b\" data-element_type=\"widget\" data-widget_type=\"heading.default\">\n\t\t\t\t<div class=\"elementor-widget-container\">\n\t\t\t<h2 class=\"elementor-heading-title elementor-size-default\">Comprar el libro<\/h2>\t\t<\/div>\n\t\t\t\t<\/div>\n\t\t\t\t<div class=\"elementor-element elementor-element-60a1605 elementor-widget elementor-widget-text-editor\" data-id=\"60a1605\" data-element_type=\"widget\" data-widget_type=\"text-editor.default\">\n\t\t\t\t<div class=\"elementor-widget-container\">\n\t\t\t\t\t\t\t<p>The Coaching Trail, en la lista de los mejores libros \u00a1\u00a1Rese\u00f1a de libros independientes le\u00edda este a\u00f1o!!<\/p>\t\t\t\t\t\t<\/div>\n\t\t\t\t<\/div>\n\t\t\t\t\t<\/div>\n\t\t\t\t<\/div>\n\t\t<div class=\"elementor-element elementor-element-affe7d0 e-flex e-con-boxed e-con e-parent\" data-id=\"affe7d0\" data-element_type=\"container\">\n\t\t\t\t\t<div class=\"e-con-inner\">\n\t\t<div class=\"elementor-element elementor-element-6981b97 e-flex e-con-boxed e-con e-child\" data-id=\"6981b97\" data-element_type=\"container\">\n\t\t\t\t\t<div class=\"e-con-inner\">\n\t\t<div class=\"elementor-element elementor-element-b7c5394 e-con-full e-flex e-con e-child\" data-id=\"b7c5394\" data-element_type=\"container\">\n\t\t\t\t<div class=\"elementor-element elementor-element-968c609 elementor-widget elementor-widget-image\" data-id=\"968c609\" data-element_type=\"widget\" data-widget_type=\"image.default\">\n\t\t\t\t<div class=\"elementor-widget-container\">\n\t\t\t\t\t\t\t\t\t\t\t\t\t<img decoding=\"async\" width=\"300\" height=\"169\" src=\"https:\/\/aemartinezlj.com\/spanish\/wp-content\/uploads\/2025\/02\/Amazon-Kindle-logo-2048x1152-1-300x169.png\" class=\"attachment-medium size-medium wp-image-3244\" alt=\"\" srcset=\"https:\/\/aemartinezlj.com\/spanish\/wp-content\/uploads\/2025\/02\/Amazon-Kindle-logo-2048x1152-1-300x169.png 300w, https:\/\/aemartinezlj.com\/spanish\/wp-content\/uploads\/2025\/02\/Amazon-Kindle-logo-2048x1152-1-1024x576.png 1024w, https:\/\/aemartinezlj.com\/spanish\/wp-content\/uploads\/2025\/02\/Amazon-Kindle-logo-2048x1152-1-768x432.png 768w, https:\/\/aemartinezlj.com\/spanish\/wp-content\/uploads\/2025\/02\/Amazon-Kindle-logo-2048x1152-1-1536x864.png 1536w, https:\/\/aemartinezlj.com\/spanish\/wp-content\/uploads\/2025\/02\/Amazon-Kindle-logo-2048x1152-1.png 2048w\" sizes=\"(max-width: 300px) 100vw, 300px\" \/>\t\t\t\t\t\t\t\t\t\t\t\t\t<\/div>\n\t\t\t\t<\/div>\n\t\t\t\t<div class=\"elementor-element elementor-element-cc43b9d elementor-widget elementor-widget-heading\" data-id=\"cc43b9d\" data-element_type=\"widget\" data-widget_type=\"heading.default\">\n\t\t\t\t<div class=\"elementor-widget-container\">\n\t\t\t<h3 class=\"elementor-heading-title elementor-size-default\">Kindle<\/h3>\t\t<\/div>\n\t\t\t\t<\/div>\n\t\t\t\t<div class=\"elementor-element elementor-element-1b91827 elementor-widget elementor-widget-text-editor\" data-id=\"1b91827\" data-element_type=\"widget\" data-widget_type=\"text-editor.default\">\n\t\t\t\t<div class=\"elementor-widget-container\">\n\t\t\t\t\t\t\t<p>\u20ac 0.99\u00a0\u00a0<\/p>\t\t\t\t\t\t<\/div>\n\t\t\t\t<\/div>\n\t\t\t\t<div class=\"elementor-element elementor-element-59cccba elementor-align-center elementor-widget elementor-widget-button\" data-id=\"59cccba\" data-element_type=\"widget\" data-widget_type=\"button.default\">\n\t\t\t\t<div class=\"elementor-widget-container\">\n\t\t\t\t\t<div class=\"elementor-button-wrapper\">\n\t\t\t<a class=\"elementor-button elementor-button-link elementor-size-sm\" href=\"https:\/\/www.amazon.com\/El-sendero-del-coaching-desaf%C3%ADos\/dp\/8410901498\">\n\t\t\t\t\t\t<span class=\"elementor-button-content-wrapper\">\n\t\t\t\t\t\t\t\t\t<span class=\"elementor-button-text\">Order<\/span>\n\t\t\t\t\t<\/span>\n\t\t\t\t\t<\/a>\n\t\t<\/div>\n\t\t\t\t<\/div>\n\t\t\t\t<\/div>\n\t\t\t\t<\/div>\n\t\t<div class=\"elementor-element elementor-element-629c6c4 e-con-full e-flex e-con e-child\" data-id=\"629c6c4\" data-element_type=\"container\">\n\t\t\t\t<div class=\"elementor-element elementor-element-7808ca8 elementor-widget elementor-widget-image\" data-id=\"7808ca8\" data-element_type=\"widget\" data-widget_type=\"image.default\">\n\t\t\t\t<div class=\"elementor-widget-container\">\n\t\t\t\t\t\t\t\t\t\t\t\t\t<img decoding=\"async\" width=\"300\" height=\"188\" src=\"https:\/\/aemartinezlj.com\/spanish\/wp-content\/uploads\/2025\/02\/Amazon-Logo-2048x1280-1-300x188.png\" class=\"attachment-medium size-medium wp-image-3245\" alt=\"\" srcset=\"https:\/\/aemartinezlj.com\/spanish\/wp-content\/uploads\/2025\/02\/Amazon-Logo-2048x1280-1-300x188.png 300w, https:\/\/aemartinezlj.com\/spanish\/wp-content\/uploads\/2025\/02\/Amazon-Logo-2048x1280-1-1024x640.png 1024w, https:\/\/aemartinezlj.com\/spanish\/wp-content\/uploads\/2025\/02\/Amazon-Logo-2048x1280-1-768x480.png 768w, https:\/\/aemartinezlj.com\/spanish\/wp-content\/uploads\/2025\/02\/Amazon-Logo-2048x1280-1-1536x960.png 1536w, https:\/\/aemartinezlj.com\/spanish\/wp-content\/uploads\/2025\/02\/Amazon-Logo-2048x1280-1.png 2048w\" sizes=\"(max-width: 300px) 100vw, 300px\" \/>\t\t\t\t\t\t\t\t\t\t\t\t\t<\/div>\n\t\t\t\t<\/div>\n\t\t\t\t<div class=\"elementor-element elementor-element-3638d9b elementor-widget elementor-widget-heading\" data-id=\"3638d9b\" data-element_type=\"widget\" data-widget_type=\"heading.default\">\n\t\t\t\t<div class=\"elementor-widget-container\">\n\t\t\t<h3 class=\"elementor-heading-title elementor-size-default\">Paper back<\/h3>\t\t<\/div>\n\t\t\t\t<\/div>\n\t\t\t\t<div class=\"elementor-element elementor-element-2a71626 elementor-widget elementor-widget-text-editor\" data-id=\"2a71626\" data-element_type=\"widget\" data-widget_type=\"text-editor.default\">\n\t\t\t\t<div class=\"elementor-widget-container\">\n\t\t\t\t\t\t\t<p>\u20ac 10.00 + shipping<\/p>\t\t\t\t\t\t<\/div>\n\t\t\t\t<\/div>\n\t\t\t\t<div class=\"elementor-element elementor-element-2e6ce0f elementor-align-center elementor-widget elementor-widget-button\" data-id=\"2e6ce0f\" data-element_type=\"widget\" data-widget_type=\"button.default\">\n\t\t\t\t<div class=\"elementor-widget-container\">\n\t\t\t\t\t<div class=\"elementor-button-wrapper\">\n\t\t\t<a class=\"elementor-button elementor-button-link elementor-size-sm\" href=\"https:\/\/www.amazon.com\/El-sendero-del-coaching-desaf%C3%ADos\/dp\/8410901498\">\n\t\t\t\t\t\t<span class=\"elementor-button-content-wrapper\">\n\t\t\t\t\t\t\t\t\t<span class=\"elementor-button-text\">Order<\/span>\n\t\t\t\t\t<\/span>\n\t\t\t\t\t<\/a>\n\t\t<\/div>\n\t\t\t\t<\/div>\n\t\t\t\t<\/div>\n\t\t\t\t<\/div>\n\t\t<div class=\"elementor-element elementor-element-bf57137 e-con-full e-flex e-con e-child\" data-id=\"bf57137\" data-element_type=\"container\">\n\t\t\t\t<div class=\"elementor-element elementor-element-cf6fe4b elementor-widget elementor-widget-image\" data-id=\"cf6fe4b\" data-element_type=\"widget\" data-widget_type=\"image.default\">\n\t\t\t\t<div class=\"elementor-widget-container\">\n\t\t\t\t\t\t\t\t\t\t\t\t\t\t<a href=\"https:\/\/www.amazon.com\/El-sendero-del-coaching-desaf%C3%ADos\/dp\/8410901498\">\n\t\t\t\t\t\t\t<img loading=\"lazy\" decoding=\"async\" width=\"240\" height=\"300\" src=\"https:\/\/aemartinezlj.com\/spanish\/wp-content\/uploads\/2025\/03\/4-240x300.jpg\" class=\"attachment-medium size-medium wp-image-3334\" alt=\"\" srcset=\"https:\/\/aemartinezlj.com\/spanish\/wp-content\/uploads\/2025\/03\/4-240x300.jpg 240w, https:\/\/aemartinezlj.com\/spanish\/wp-content\/uploads\/2025\/03\/4-819x1024.jpg 819w, https:\/\/aemartinezlj.com\/spanish\/wp-content\/uploads\/2025\/03\/4-768x960.jpg 768w, https:\/\/aemartinezlj.com\/spanish\/wp-content\/uploads\/2025\/03\/4.jpg 1080w\" sizes=\"(max-width: 240px) 100vw, 240px\" \/>\t\t\t\t\t\t\t\t<\/a>\n\t\t\t\t\t\t\t\t\t\t\t\t\t<\/div>\n\t\t\t\t<\/div>\n\t\t\t\t<\/div>\n\t\t\t\t\t<\/div>\n\t\t\t\t<\/div>\n\t\t\t\t\t<\/div>\n\t\t\t\t<\/div>\n\t\t\t\t<section class=\"elementor-section elementor-top-section elementor-element elementor-element-6c51eb96 elementor-section-content-middle elementor-section-height-min-height elementor-section-boxed elementor-section-height-default elementor-section-items-middle\" data-id=\"6c51eb96\" data-element_type=\"section\" data-settings=\"{&quot;background_background&quot;:&quot;classic&quot;}\">\n\t\t\t\t\t\t<div class=\"elementor-container elementor-column-gap-wider\">\n\t\t\t\t\t<div class=\"elementor-column elementor-col-50 elementor-top-column elementor-element elementor-element-612529d7\" data-id=\"612529d7\" data-element_type=\"column\">\n\t\t\t<div class=\"elementor-widget-wrap elementor-element-populated\">\n\t\t\t\t\t\t<div class=\"elementor-element elementor-element-73331458 elementor-widget elementor-widget-image\" data-id=\"73331458\" data-element_type=\"widget\" data-widget_type=\"image.default\">\n\t\t\t\t<div class=\"elementor-widget-container\">\n\t\t\t\t\t\t\t\t\t\t\t\t\t<img loading=\"lazy\" decoding=\"async\" width=\"500\" height=\"500\" src=\"https:\/\/aemartinezlj.com\/spanish\/wp-content\/uploads\/2025\/02\/Untitled-design.png\" class=\"attachment-medium_large size-medium_large wp-image-3247\" alt=\"author bio\" srcset=\"https:\/\/aemartinezlj.com\/spanish\/wp-content\/uploads\/2025\/02\/Untitled-design.png 500w, https:\/\/aemartinezlj.com\/spanish\/wp-content\/uploads\/2025\/02\/Untitled-design-300x300.png 300w, https:\/\/aemartinezlj.com\/spanish\/wp-content\/uploads\/2025\/02\/Untitled-design-150x150.png 150w\" sizes=\"(max-width: 500px) 100vw, 500px\" \/>\t\t\t\t\t\t\t\t\t\t\t\t\t<\/div>\n\t\t\t\t<\/div>\n\t\t\t\t\t<\/div>\n\t\t<\/div>\n\t\t\t\t<div class=\"elementor-column elementor-col-50 elementor-top-column elementor-element elementor-element-60595112\" data-id=\"60595112\" data-element_type=\"column\">\n\t\t\t<div class=\"elementor-widget-wrap elementor-element-populated\">\n\t\t\t\t\t<div class=\"elementor-background-overlay\"><\/div>\n\t\t\t\t\t\t<div class=\"elementor-element elementor-element-165047a4 elementor-widget elementor-widget-heading\" data-id=\"165047a4\" data-element_type=\"widget\" data-widget_type=\"heading.default\">\n\t\t\t\t<div class=\"elementor-widget-container\">\n\t\t\t<h2 class=\"elementor-heading-title elementor-size-default\">Sobre el Autor<\/h2>\t\t<\/div>\n\t\t\t\t<\/div>\n\t\t\t\t<div class=\"elementor-element elementor-element-53a56654 elementor-widget elementor-widget-text-editor\" data-id=\"53a56654\" data-element_type=\"widget\" data-widget_type=\"text-editor.default\">\n\t\t\t\t<div class=\"elementor-widget-container\">\n\t\t\t\t\t\t\t<p><b data-olk-copy-source=\"MessageBody\">Alexander Mart\u00ednez<\/b>, nacido en Lima, Per\u00fa, es ingeniero egresado de la Universidad Nacional Agraria La Molina y cuenta con una maestr\u00eda en Innovaci\u00f3n. Certificado como coach ejecutivo y de carrera, adem\u00e1s de practicante DISC, combina su experiencia profesional con una pasi\u00f3n por la lectura, la m\u00fasica y los viajes. Reside en los Pa\u00edses Bajos desde 2015, donde impulsa negocios internacionales y transforma vidas a trav\u00e9s del coaching<\/p>\t\t\t\t\t\t<\/div>\n\t\t\t\t<\/div>\n\t\t\t\t<div class=\"elementor-element elementor-element-47f2f6bb elementor-align-center elementor-widget elementor-widget-button\" data-id=\"47f2f6bb\" data-element_type=\"widget\" data-widget_type=\"button.default\">\n\t\t\t\t<div class=\"elementor-widget-container\">\n\t\t\t\t\t<div class=\"elementor-button-wrapper\">\n\t\t\t<a class=\"elementor-button elementor-button-link elementor-size-md elementor-animation-float\" href=\"https:\/\/aemartinezlj.com\/spanish\/contact\/\">\n\t\t\t\t\t\t<span class=\"elementor-button-content-wrapper\">\n\t\t\t\t\t\t\t\t\t<span class=\"elementor-button-text\">Contacto<\/span>\n\t\t\t\t\t<\/span>\n\t\t\t\t\t<\/a>\n\t\t<\/div>\n\t\t\t\t<\/div>\n\t\t\t\t<\/div>\n\t\t\t\t\t<\/div>\n\t\t<\/div>\n\t\t\t\t\t<\/div>\n\t\t<\/section>\n\t\t\t\t<\/div>\n\t\t","protected":false},"excerpt":{"rendered":"<p>NUEVO LIBRO &#8211; EL SENDERO DEL COACHING El Sendero del Coaching \u00bfSientes que tus desaf\u00edos profesionales te superan? \u00bfY si la clave para transformar tu carrera estuviera a tan solo una conversaci\u00f3n de distancia? \u201cEl sendero del coaching\u201d te invita a explorar siete cautivadoras historias que reflejan ejemplos de dilemas reales y complejos que suelen [&hellip;]<\/p>\n","protected":false},"author":1,"featured_media":0,"parent":0,"menu_order":0,"comment_status":"closed","ping_status":"closed","template":"","meta":{"_glsr_average":0,"_glsr_ranking":0,"_glsr_reviews":0,"footnotes":""},"_links":{"self":[{"href":"https:\/\/aemartinezlj.com\/spanish\/wp-json\/wp\/v2\/pages\/3238"}],"collection":[{"href":"https:\/\/aemartinezlj.com\/spanish\/wp-json\/wp\/v2\/pages"}],"about":[{"href":"https:\/\/aemartinezlj.com\/spanish\/wp-json\/wp\/v2\/types\/page"}],"author":[{"embeddable":true,"href":"https:\/\/aemartinezlj.com\/spanish\/wp-json\/wp\/v2\/users\/1"}],"replies":[{"embeddable":true,"href":"https:\/\/aemartinezlj.com\/spanish\/wp-json\/wp\/v2\/comments?post=3238"}],"version-history":[{"count":64,"href":"https:\/\/aemartinezlj.com\/spanish\/wp-json\/wp\/v2\/pages\/3238\/revisions"}],"predecessor-version":[{"id":3362,"href":"https:\/\/aemartinezlj.com\/spanish\/wp-json\/wp\/v2\/pages\/3238\/revisions\/3362"}],"wp:attachment":[{"href":"https:\/\/aemartinezlj.com\/spanish\/wp-json\/wp\/v2\/media?parent=3238"}],"curies":[{"name":"wp","href":"https:\/\/api.w.org\/{rel}","templated":true}]}}